{"id":1817,"date":"2023-01-27T13:45:49","date_gmt":"2023-01-27T10:45:49","guid":{"rendered":"https:\/\/globallingua.gr\/%cf%87%cf%81%ce%b5%cf%8e%cf%83%ce%b5%ce%b9%cf%82\/"},"modified":"2023-02-13T10:48:11","modified_gmt":"2023-02-13T07:48:11","slug":"%cf%87%cf%81%ce%b5%cf%8e%cf%83%ce%b5%ce%b9%cf%82","status":"publish","type":"page","link":"https:\/\/globallingua.gr\/de\/%cf%87%cf%81%ce%b5%cf%8e%cf%83%ce%b5%ce%b9%cf%82\/","title":{"rendered":"Preise"},"content":{"rendered":"\t\t<div data-elementor-type=\"wp-page\" data-elementor-id=\"1817\" class=\"elementor elementor-1817\">\n\t\t\t\t\t\t<section class=\"elementor-section elementor-top-section elementor-element elementor-element-28050dd0 elementor-section-content-middle elementor-section-boxed elementor-section-height-default elementor-section-height-default parallax_section_no qode_elementor_container_no\" data-id=\"28050dd0\" data-element_type=\"section\" data-e-type=\"section\">\n\t\t\t\t\t\t<div class=\"elementor-container elementor-column-gap-default\">\n\t\t\t\t\t<div class=\"elementor-column elementor-col-33 elementor-top-column elementor-element elementor-element-1498ed5d\" data-id=\"1498ed5d\" data-element_type=\"column\" data-e-type=\"column\">\n\t\t\t<div class=\"elementor-widget-wrap elementor-element-populated\">\n\t\t\t\t\t\t<div class=\"elementor-element elementor-element-2ab8f579 elementor-widget elementor-widget-heading\" data-id=\"2ab8f579\" data-element_type=\"widget\" data-e-type=\"widget\" data-widget_type=\"heading.default\">\n\t\t\t\t<div class=\"elementor-widget-container\">\n\t\t\t\t\t<h2 class=\"elementor-heading-title elementor-size-default\">Kosten f\u00fcr die \u00dcbersetzung<\/h2>\t\t\t\t<\/div>\n\t\t\t\t<\/div>\n\t\t\t\t<div class=\"elementor-element elementor-element-7ae1f4a2 elementor-widget elementor-widget-text-editor\" data-id=\"7ae1f4a2\" data-element_type=\"widget\" data-e-type=\"widget\" data-widget_type=\"text-editor.default\">\n\t\t\t\t<div class=\"elementor-widget-container\">\n\t\t\t\t\t\t\t\t\t<p>Die Kosten einer \u00dcbersetzung h\u00e4ngen von mehreren Faktoren ab, wie z. B:<\/p><p>\u00a0<\/p><ul><li>die Art des Textes (f\u00fcr die \u00dcbersetzung von hochspezialisierten Texten sind zus\u00e4tzliche Qualit\u00e4tskontrollen erforderlich, was sich eventuell auf den Preis ebenfalls auf die Kosten auswirken kann)<\/li><li>die Sprachkombination (f\u00fcr jede Sprachkombination kann eventuell ein anderer Preis anfallen)<\/li><li>den Umfang des Projekts (bei gro\u00dfen \u00dcbersetzungsprojekten mit mehr als 10.000 W\u00f6rtern werden Rabatte gew\u00e4hrleistet)<\/li><li>die Abgabefrist (der Preis f\u00fcr dringende \u00dcbersetzungen &#8211; d. h. solche, die noch am selben Tag geliefert werden m\u00fcssen \u2013 kann ansteigen)<br \/><br \/><\/li><\/ul><p>Der Standardpreis wird pro Wort des Originaltextes berechnet.<\/p>\t\t\t\t\t\t\t\t<\/div>\n\t\t\t\t<\/div>\n\t\t\t\t<div class=\"elementor-element elementor-element-f6cfa7e elementor-widget elementor-widget-bridge_button\" data-id=\"f6cfa7e\" data-element_type=\"widget\" data-e-type=\"widget\" data-widget_type=\"bridge_button.default\">\n\t\t\t\t<div class=\"elementor-widget-container\">\n\t\t\t\t\t<a  itemprop=\"url\" href=\"https:\/\/globallingua.gr\/de\/contact-us\/\" target=\"_self\" data-hover-background-color='#4F005B' data-hover-color='#FFFFFF' class=\"qbutton  enlarge\" style=\"color: #FFFFFF; background-color: #4F005B;\">BRAUCHEN SIE EINE \u00dcBERSETZUNG<\/a>\t\t\t\t<\/div>\n\t\t\t\t<\/div>\n\t\t\t\t<div class=\"elementor-element elementor-element-770474a1 elementor-widget elementor-widget-spacer\" data-id=\"770474a1\" data-element_type=\"widget\" data-e-type=\"widget\" data-widget_type=\"spacer.default\">\n\t\t\t\t<div class=\"elementor-widget-container\">\n\t\t\t\t\t\t\t<div class=\"elementor-spacer\">\n\t\t\t<div class=\"elementor-spacer-inner\"><\/div>\n\t\t<\/div>\n\t\t\t\t\t\t<\/div>\n\t\t\t\t<\/div>\n\t\t\t\t\t<\/div>\n\t\t<\/div>\n\t\t\t\t<div class=\"elementor-column elementor-col-66 elementor-top-column elementor-element elementor-element-7b3fd17f\" data-id=\"7b3fd17f\" data-element_type=\"column\" data-e-type=\"column\">\n\t\t\t<div class=\"elementor-widget-wrap elementor-element-populated\">\n\t\t\t\t\t\t<div class=\"elementor-element elementor-element-33dda73 elementor-widget elementor-widget-text-editor\" data-id=\"33dda73\" data-element_type=\"widget\" data-e-type=\"widget\" data-widget_type=\"text-editor.default\">\n\t\t\t\t<div class=\"elementor-widget-container\">\n\t\t\t\t\t\t\t\t\t<p>Da es sich bei jedem \u00dcbersetzungsprojekt um ein Einzelprojekt handelt, wird der genaue Betrag f\u00fcr die \u00dcbersetzung erst nach Pr\u00fcfung des zu \u00fcbersetzenden Textes oder Dokuments berechnet. Das Thema, die Besonderheit des Projekts und der Wiederholungsgrad des Inhalts k\u00f6nnen dabei eine wichtige Rolle spielen.<\/p><p>\u00a0<\/p><p>Bitte f\u00fcllen Sie das Kontaktformular aus oder senden Sie uns Ihren zu \u00fcbersetzenden Text an die folgende Adresse: info@globallingua.gr und Sie erhalten unser finanzielles Angebot ohne jede weitere Verpflichtung oder Geb\u00fchr.<\/p><h6><strong><em>Richtpreise <\/em><\/strong><\/h6><p>Beglaubigte Diplome \/ Urkunden: 18-20\u20ac pro Seite + 1 Kopie gratis<br \/>Aufpreis pro Kopie: 5\u20ac.<br \/>\u00dcbersetzungen von technischen, medizinischen, juristischen oder anderen Fachtexten ins Griechische: 0,08-0,09\u20ac pro Wort und bis zu 50 % Rabatt f\u00fcr sich wiederholende Inhalte.<br \/>\u00dcbersetzungen von technischen, medizinischen, juristischen oder anderen Fachtexten ins Englische und Deutsche: 0,09-0,11\u20ac pro Wort und bis zu 50 % Rabatt f\u00fcr sich wiederholende Inhalte.<\/p><p>\u00a0<\/p>\t\t\t\t\t\t\t\t<\/div>\n\t\t\t\t<\/div>\n\t\t\t\t\t<\/div>\n\t\t<\/div>\n\t\t\t\t\t<\/div>\n\t\t<\/section>\n\t\t\t\t<section class=\"elementor-section elementor-top-section elementor-element elementor-element-5134061c elementor-section-content-middle elementor-section-boxed elementor-section-height-default elementor-section-height-default parallax_section_no qode_elementor_container_no\" data-id=\"5134061c\" data-element_type=\"section\" data-e-type=\"section\">\n\t\t\t\t\t\t<div class=\"elementor-container elementor-column-gap-narrow\">\n\t\t\t\t\t<div class=\"elementor-column elementor-col-50 elementor-top-column elementor-element elementor-element-60b16e49\" data-id=\"60b16e49\" data-element_type=\"column\" data-e-type=\"column\">\n\t\t\t<div class=\"elementor-widget-wrap elementor-element-populated\">\n\t\t\t\t\t\t<div class=\"elementor-element elementor-element-714eb422 elementor-widget elementor-widget-image\" data-id=\"714eb422\" data-element_type=\"widget\" data-e-type=\"widget\" data-widget_type=\"image.default\">\n\t\t\t\t<div class=\"elementor-widget-container\">\n\t\t\t\t\t\t\t\t\t\t\t\t\t\t\t<img fetchpriority=\"high\" decoding=\"async\" width=\"1067\" height=\"1195\" src=\"https:\/\/globallingua.gr\/wp-content\/uploads\/2023\/01\/tropoi-pliromis-1.jpg\" class=\"attachment-full size-full wp-image-1460\" alt=\"\" srcset=\"https:\/\/globallingua.gr\/wp-content\/uploads\/2023\/01\/tropoi-pliromis-1.jpg 1067w, https:\/\/globallingua.gr\/wp-content\/uploads\/2023\/01\/tropoi-pliromis-1-268x300.jpg 268w, https:\/\/globallingua.gr\/wp-content\/uploads\/2023\/01\/tropoi-pliromis-1-914x1024.jpg 914w, https:\/\/globallingua.gr\/wp-content\/uploads\/2023\/01\/tropoi-pliromis-1-768x860.jpg 768w, https:\/\/globallingua.gr\/wp-content\/uploads\/2023\/01\/tropoi-pliromis-1-700x784.jpg 700w\" sizes=\"(max-width: 1067px) 100vw, 1067px\" \/>\t\t\t\t\t\t\t\t\t\t\t\t\t\t\t<\/div>\n\t\t\t\t<\/div>\n\t\t\t\t\t<\/div>\n\t\t<\/div>\n\t\t\t\t<div class=\"elementor-column elementor-col-50 elementor-top-column elementor-element elementor-element-2621b866\" data-id=\"2621b866\" data-element_type=\"column\" data-e-type=\"column\">\n\t\t\t<div class=\"elementor-widget-wrap elementor-element-populated\">\n\t\t\t\t\t\t<div class=\"elementor-element elementor-element-4a268725 elementor-widget elementor-widget-heading\" data-id=\"4a268725\" data-element_type=\"widget\" data-e-type=\"widget\" data-widget_type=\"heading.default\">\n\t\t\t\t<div class=\"elementor-widget-container\">\n\t\t\t\t\t<h2 class=\"elementor-heading-title elementor-size-default\">Zahlungsweise<\/h2>\t\t\t\t<\/div>\n\t\t\t\t<\/div>\n\t\t\t\t<div class=\"elementor-element elementor-element-38f0d0fb elementor-widget elementor-widget-text-editor\" data-id=\"38f0d0fb\" data-element_type=\"widget\" data-e-type=\"widget\" data-widget_type=\"text-editor.default\">\n\t\t\t\t<div class=\"elementor-widget-container\">\n\t\t\t\t\t\t\t\t\t<h6><strong>1. Per Nachnahme<br \/><\/strong><\/h6><p>Diejenigen, die es vorziehen, die \u00dcbersetzung per Kurier zu erhalten, haben die M\u00f6glichkeit, per Nachnahme zu bezahlen. Die einzigen zus\u00e4tzlichen Kosten, die f\u00fcr Sie anfallen, sind die Kosten f\u00fcr den Kurierdienst.<\/p><p>\u00a0<\/p><h6><strong>2. Einzahlung auf Konto<br \/><\/strong><\/h6><p>Sie k\u00f6nnen die \u00dcbersetzungen durch Einzahlung auf unser Bankkonto zahlen.<\/p><p>WICHTIGER HINWEIS: Wenn Sie sich f\u00fcr eine \u00dcberweisung von einer anderen Bank als den Banken, bei denen wir ein Konto haben, entscheiden, gehen die \u00dcberweisungskosten vollst\u00e4ndig zu Lasten des Kunden (alle Zahlungen m\u00fcssen \u00fcber Instapay erfolgen, wobei aus dem Ausland eine zus\u00e4tzliche \u00dcberweisungsgeb\u00fchr von 4 \u20ac anf\u00e4llt).<\/p><p>Bitte setzen Sie sich nach der \u00dcberweisung des Betrags mit unserem B\u00fcro in Verbindung, um die \u00dcberweisung zu best\u00e4tigen. Ihre \u00dcbersetzung wird erst nach Eingang Ihrer Zahlung versandt.<\/p><p>\u00a0<\/p><h6><strong>3. Kredit- \/ Debitkarte<br \/>4. Bar<br \/><\/strong><\/h6>\t\t\t\t\t\t\t\t<\/div>\n\t\t\t\t<\/div>\n\t\t\t\t<div class=\"elementor-element elementor-element-a6adf21 elementor-widget elementor-widget-bridge_button\" data-id=\"a6adf21\" data-element_type=\"widget\" data-e-type=\"widget\" data-widget_type=\"bridge_button.default\">\n\t\t\t\t<div class=\"elementor-widget-container\">\n\t\t\t\t\t<a  itemprop=\"url\" href=\"https:\/\/globallingua.gr\/de\/contact-us\/\" target=\"_self\" data-hover-background-color='#4F005B' data-hover-color='#FFFFFF' class=\"qbutton  enlarge\" style=\"color: #FFFFFF; background-color: #4F005B;\">FRAGEN SIE UNS<\/a>\t\t\t\t<\/div>\n\t\t\t\t<\/div>\n\t\t\t\t\t<\/div>\n\t\t<\/div>\n\t\t\t\t\t<\/div>\n\t\t<\/section>\n\t\t\t\t<section class=\"elementor-section elementor-top-section elementor-element elementor-element-f96a41a elementor-section-content-middle elementor-section-boxed elementor-section-height-default elementor-section-height-default parallax_section_no qode_elementor_container_no\" data-id=\"f96a41a\" data-element_type=\"section\" data-e-type=\"section\">\n\t\t\t\t\t\t<div class=\"elementor-container elementor-column-gap-narrow\">\n\t\t\t\t\t<div class=\"elementor-column elementor-col-50 elementor-top-column elementor-element elementor-element-82f5c1f\" data-id=\"82f5c1f\" data-element_type=\"column\" data-e-type=\"column\">\n\t\t\t<div class=\"elementor-widget-wrap elementor-element-populated\">\n\t\t\t\t\t\t<div class=\"elementor-element elementor-element-cf76d65 elementor-widget elementor-widget-heading\" data-id=\"cf76d65\" data-element_type=\"widget\" data-e-type=\"widget\" data-widget_type=\"heading.default\">\n\t\t\t\t<div class=\"elementor-widget-container\">\n\t\t\t\t\t<h2 class=\"elementor-heading-title elementor-size-default\">Angebote<\/h2>\t\t\t\t<\/div>\n\t\t\t\t<\/div>\n\t\t\t\t<div class=\"elementor-element elementor-element-e06e7e1 elementor-widget elementor-widget-text-editor\" data-id=\"e06e7e1\" data-element_type=\"widget\" data-e-type=\"widget\" data-widget_type=\"text-editor.default\">\n\t\t\t\t<div class=\"elementor-widget-container\">\n\t\t\t\t\t\t\t\t\t<p>Unser B\u00fcro bietet g\u00fcnstige Angebote f\u00fcr englische und deutsche Sprachkombinationen, f\u00fcr:<\/p><ul><li>Unternehmen (Webseiten-\u00dcbersetzung)<\/li><li>Studenten<\/li><\/ul><p>Kontaktieren Sie uns f\u00fcr weitere Informationen.<\/p><p>\u00a0<\/p><p>\u0395mail: <a href=\"mailto:info@globallingua.gr\">info@globallingua.gr<\/a><\/p><p>Tel.: +30 2510831876, +30 6944746952<\/p><p>Adresse: Venizelou Stra\u00dfe 33, 65302 &#8211; Kavala, Griechenland<\/p>\t\t\t\t\t\t\t\t<\/div>\n\t\t\t\t<\/div>\n\t\t\t\t<div class=\"elementor-element elementor-element-7eb8878 elementor-widget elementor-widget-bridge_button\" data-id=\"7eb8878\" data-element_type=\"widget\" data-e-type=\"widget\" data-widget_type=\"bridge_button.default\">\n\t\t\t\t<div class=\"elementor-widget-container\">\n\t\t\t\t\t<a  itemprop=\"url\" href=\"https:\/\/globallingua.gr\/de\/contact-us\/\" target=\"_self\" data-hover-background-color='#4F005B' data-hover-color='#FFFFFF' class=\"qbutton  enlarge\" style=\"color: #FFFFFF; background-color: #4F005B;\">ERFORDERN SIE EIN ANGEBOT<\/a>\t\t\t\t<\/div>\n\t\t\t\t<\/div>\n\t\t\t\t\t<\/div>\n\t\t<\/div>\n\t\t\t\t<div class=\"elementor-column elementor-col-50 elementor-top-column elementor-element elementor-element-39e7cd7\" data-id=\"39e7cd7\" data-element_type=\"column\" data-e-type=\"column\">\n\t\t\t<div class=\"elementor-widget-wrap elementor-element-populated\">\n\t\t\t\t\t\t<div class=\"elementor-element elementor-element-bad41f2 elementor-widget elementor-widget-image\" data-id=\"bad41f2\" data-element_type=\"widget\" data-e-type=\"widget\" data-widget_type=\"image.default\">\n\t\t\t\t<div class=\"elementor-widget-container\">\n\t\t\t\t\t\t\t\t\t\t\t\t\t\t\t<img decoding=\"async\" width=\"995\" height=\"1112\" src=\"https:\/\/globallingua.gr\/wp-content\/uploads\/2023\/01\/prosfores-1.jpg\" class=\"attachment-full size-full wp-image-1462\" alt=\"\" srcset=\"https:\/\/globallingua.gr\/wp-content\/uploads\/2023\/01\/prosfores-1.jpg 995w, https:\/\/globallingua.gr\/wp-content\/uploads\/2023\/01\/prosfores-1-268x300.jpg 268w, https:\/\/globallingua.gr\/wp-content\/uploads\/2023\/01\/prosfores-1-916x1024.jpg 916w, https:\/\/globallingua.gr\/wp-content\/uploads\/2023\/01\/prosfores-1-768x858.jpg 768w, https:\/\/globallingua.gr\/wp-content\/uploads\/2023\/01\/prosfores-1-700x782.jpg 700w\" sizes=\"(max-width: 995px) 100vw, 995px\" \/>\t\t\t\t\t\t\t\t\t\t\t\t\t\t\t<\/div>\n\t\t\t\t<\/div>\n\t\t\t\t\t<\/div>\n\t\t<\/div>\n\t\t\t\t\t<\/div>\n\t\t<\/section>\n\t\t\t\t<section class=\"elementor-section elementor-top-section elementor-element elementor-element-2194e610 elementor-section-full_width elementor-section-height-default elementor-section-height-default parallax_section_no qode_elementor_container_no\" data-id=\"2194e610\" data-element_type=\"section\" data-e-type=\"section\" data-settings=\"{&quot;background_background&quot;:&quot;classic&quot;}\">\n\t\t\t\t\t\t<div class=\"elementor-container elementor-column-gap-default\">\n\t\t\t\t\t<div class=\"elementor-column elementor-col-100 elementor-top-column elementor-element elementor-element-6500ce56\" data-id=\"6500ce56\" data-element_type=\"column\" data-e-type=\"column\">\n\t\t\t<div class=\"elementor-widget-wrap elementor-element-populated\">\n\t\t\t\t\t\t<section class=\"elementor-section elementor-inner-section elementor-element elementor-element-3a16b4da elementor-section-full_width elementor-section-content-middle elementor-section-height-default elementor-section-height-default parallax_section_no qode_elementor_container_no\" data-id=\"3a16b4da\" data-element_type=\"section\" data-e-type=\"section\">\n\t\t\t\t\t\t<div class=\"elementor-container elementor-column-gap-default\">\n\t\t\t\t\t<div class=\"elementor-column elementor-col-50 elementor-inner-column elementor-element elementor-element-2c65ed5\" data-id=\"2c65ed5\" data-element_type=\"column\" data-e-type=\"column\">\n\t\t\t<div class=\"elementor-widget-wrap elementor-element-populated\">\n\t\t\t\t\t\t<div class=\"elementor-element elementor-element-2f7a0cd8 elementor-widget elementor-widget-html\" data-id=\"2f7a0cd8\" data-element_type=\"widget\" data-e-type=\"widget\" data-widget_type=\"html.default\">\n\t\t\t\t<div class=\"elementor-widget-container\">\n\t\t\t\t\t<iframe src=\"https:\/\/www.google.com\/maps\/d\/embed?mid=1VZtIOROISQmYqoIopwV1gso1g_Q9QnQ&ehbc=2E312F\" width=\"100%\" height=\"560\"><\/iframe>\t\t\t\t<\/div>\n\t\t\t\t<\/div>\n\t\t\t\t\t<\/div>\n\t\t<\/div>\n\t\t\t\t<div class=\"elementor-column elementor-col-50 elementor-inner-column elementor-element elementor-element-17e1f4f3\" data-id=\"17e1f4f3\" data-element_type=\"column\" data-e-type=\"column\">\n\t\t\t<div class=\"elementor-widget-wrap elementor-element-populated\">\n\t\t\t\t\t\t<div class=\"elementor-element elementor-element-3a53cb42 elementor-widget elementor-widget-heading\" data-id=\"3a53cb42\" data-element_type=\"widget\" data-e-type=\"widget\" data-widget_type=\"heading.default\">\n\t\t\t\t<div class=\"elementor-widget-container\">\n\t\t\t\t\t<h2 class=\"elementor-heading-title elementor-size-default\">Kontakt<\/h2>\t\t\t\t<\/div>\n\t\t\t\t<\/div>\n\t\t\t\t<div class=\"elementor-element elementor-element-556bdd39 elementor-widget elementor-widget-bridge_cf_7\" data-id=\"556bdd39\" data-element_type=\"widget\" data-e-type=\"widget\" data-widget_type=\"bridge_cf_7.default\">\n\t\t\t\t<div class=\"elementor-widget-container\">\n\t\t\t\t\t    <div class=\"qode-contact-form-7 qode-contact-form-7-0\">\n    \n<div class=\"wpcf7 no-js\" id=\"wpcf7-f1789-o1\" lang=\"en-US\" dir=\"ltr\" data-wpcf7-id=\"1789\">\n<div class=\"screen-reader-response\"><p role=\"status\" aria-live=\"polite\" aria-atomic=\"true\"><\/p> <ul><\/ul><\/div>\n<form action=\"\/de\/wp-json\/wp\/v2\/pages\/1817#wpcf7-f1789-o1\" method=\"post\" class=\"wpcf7-form init cf7_custom_style_3\" aria-label=\"Contact form\" enctype=\"multipart\/form-data\" novalidate=\"novalidate\" data-status=\"init\">\n<fieldset class=\"hidden-fields-container\"><input type=\"hidden\" name=\"_wpcf7\" value=\"1789\" \/><input type=\"hidden\" name=\"_wpcf7_version\" value=\"6.1.5\" \/><input type=\"hidden\" name=\"_wpcf7_locale\" value=\"en_US\" \/><input type=\"hidden\" name=\"_wpcf7_unit_tag\" value=\"wpcf7-f1789-o1\" \/><input type=\"hidden\" name=\"_wpcf7_container_post\" value=\"0\" \/><input type=\"hidden\" name=\"_wpcf7_posted_data_hash\" value=\"\" \/><input type=\"hidden\" name=\"_wpcf7_recaptcha_response\" value=\"\" \/>\n<\/fieldset>\n<div class=\"two_columns_50_50 clearfix\">\n\n <div class=\"column1\">\n  <div class=\"column_inner\">\n   <span class=\"wpcf7-form-control-wrap\" data-name=\"first-name\"><input size=\"40\" maxlength=\"400\" class=\"wpcf7-form-control wpcf7-text wpcf7-validates-as-required\" aria-required=\"true\" aria-invalid=\"false\" placeholder=\"Name*\" value=\"\" type=\"text\" name=\"first-name\" \/><\/span>\n  <\/div>\n <\/div>\n\n <div class=\"column2\">\n  <div class=\"column_inner\">\n   <span class=\"wpcf7-form-control-wrap\" data-name=\"last-name\"><input size=\"40\" maxlength=\"400\" class=\"wpcf7-form-control wpcf7-text wpcf7-validates-as-required\" aria-required=\"true\" aria-invalid=\"false\" placeholder=\"E-Mail*\" value=\"\" type=\"text\" name=\"last-name\" \/><\/span>\n  <\/div>\n <\/div>\n\n<\/div>\n\n<div><span class=\"wpcf7-form-control-wrap\" data-name=\"your-message\"><textarea cols=\"40\" rows=\"10\" maxlength=\"2000\" class=\"wpcf7-form-control wpcf7-textarea wpcf7-validates-as-required\" aria-required=\"true\" aria-invalid=\"false\" placeholder=\"Nachricht...\" name=\"your-message\"><\/textarea><\/span><\/div>\n\n<div>Bitte w\u00e4hlen Sie die Datei aus, die Sie \u00fcbersetzen m\u00f6chten: <span class=\"wpcf7-form-control-wrap\" data-name=\"file-747\"><input size=\"40\" class=\"wpcf7-form-control wpcf7-file\" accept=\".pdf,.txt,.doc,.docx,.xls,.xlsx\" aria-invalid=\"false\" type=\"file\" name=\"file-747\" \/><\/span><\/div>\n\n<div style=\"text-align:left\"><input class=\"wpcf7-form-control wpcf7-submit has-spinner\" type=\"submit\" value=\"SENDEN\" \/><\/div><p style=\"display: none !important;\" class=\"akismet-fields-container\" data-prefix=\"_wpcf7_ak_\"><label>&#916;<textarea name=\"_wpcf7_ak_hp_textarea\" cols=\"45\" rows=\"8\" maxlength=\"100\"><\/textarea><\/label><input type=\"hidden\" id=\"ak_js_1\" name=\"_wpcf7_ak_js\" value=\"2\"\/><script type=\"text\/javascript\">\n\/* <![CDATA[ *\/\ndocument.getElementById( \"ak_js_1\" ).setAttribute( \"value\", ( new Date() ).getTime() );\n\/* ]]> *\/\n<\/script>\n<\/p><div class=\"wpcf7-response-output\" aria-hidden=\"true\"><\/div>\n<\/form>\n<\/div>\n    <\/div>\n\t\t\t\t<\/div>\n\t\t\t\t<\/div>\n\t\t\t\t\t<\/div>\n\t\t<\/div>\n\t\t\t\t\t<\/div>\n\t\t<\/section>\n\t\t\t\t\t<\/div>\n\t\t<\/div>\n\t\t\t\t\t<\/div>\n\t\t<\/section>\n\t\t\t\t<\/div>\n\t\t","protected":false},"excerpt":{"rendered":"<p>Kosten f\u00fcr die \u00dcbersetzung Die Kosten einer \u00dcbersetzung h\u00e4ngen von mehreren Faktoren ab, wie z. B: \u00a0 die Art des Textes (f\u00fcr die \u00dcbersetzung von hochspezialisierten Texten sind zus\u00e4tzliche Qualit\u00e4tskontrollen erforderlich, was sich eventuell auf den Preis ebenfalls auf die Kosten auswirken kann) die Sprachkombination&#8230;<\/p>\n","protected":false},"author":1,"featured_media":0,"parent":0,"menu_order":0,"comment_status":"closed","ping_status":"closed","template":"full_width.php","meta":{"footnotes":""},"class_list":["post-1817","page","type-page","status-publish","hentry"],"_links":{"self":[{"href":"https:\/\/globallingua.gr\/de\/wp-json\/wp\/v2\/pages\/1817","targetHints":{"allow":["GET"]}}],"collection":[{"href":"https:\/\/globallingua.gr\/de\/wp-json\/wp\/v2\/pages"}],"about":[{"href":"https:\/\/globallingua.gr\/de\/wp-json\/wp\/v2\/types\/page"}],"author":[{"embeddable":true,"href":"https:\/\/globallingua.gr\/de\/wp-json\/wp\/v2\/users\/1"}],"replies":[{"embeddable":true,"href":"https:\/\/globallingua.gr\/de\/wp-json\/wp\/v2\/comments?post=1817"}],"version-history":[{"count":9,"href":"https:\/\/globallingua.gr\/de\/wp-json\/wp\/v2\/pages\/1817\/revisions"}],"predecessor-version":[{"id":1864,"href":"https:\/\/globallingua.gr\/de\/wp-json\/wp\/v2\/pages\/1817\/revisions\/1864"}],"wp:attachment":[{"href":"https:\/\/globallingua.gr\/de\/wp-json\/wp\/v2\/media?parent=1817"}],"curies":[{"name":"wp","href":"https:\/\/api.w.org\/{rel}","templated":true}]}}