{"id":1824,"date":"2023-01-18T12:31:59","date_gmt":"2023-01-18T09:31:59","guid":{"rendered":"https:\/\/globallingua.gr\/privacy-policy\/"},"modified":"2023-02-13T10:41:42","modified_gmt":"2023-02-13T07:41:42","slug":"privacy-policy","status":"publish","type":"page","link":"https:\/\/globallingua.gr\/de\/privacy-policy\/","title":{"rendered":"Nutzungsbedingungen"},"content":{"rendered":"\t\t<div data-elementor-type=\"wp-page\" data-elementor-id=\"1824\" class=\"elementor elementor-1824\">\n\t\t\t\t\t\t<section class=\"elementor-section elementor-top-section elementor-element elementor-element-21ee0db2 elementor-section-boxed elementor-section-height-default elementor-section-height-default parallax_section_no qode_elementor_container_no\" data-id=\"21ee0db2\" data-element_type=\"section\" data-e-type=\"section\">\n\t\t\t\t\t\t<div class=\"elementor-container elementor-column-gap-default\">\n\t\t\t\t\t<div class=\"elementor-column elementor-col-100 elementor-top-column elementor-element elementor-element-570c815f\" data-id=\"570c815f\" data-element_type=\"column\" data-e-type=\"column\">\n\t\t\t<div class=\"elementor-widget-wrap elementor-element-populated\">\n\t\t\t\t\t\t<div class=\"elementor-element elementor-element-58e09d74 elementor-widget elementor-widget-text-editor\" data-id=\"58e09d74\" data-element_type=\"widget\" data-e-type=\"widget\" data-widget_type=\"text-editor.default\">\n\t\t\t\t<div class=\"elementor-widget-container\">\n\t\t\t\t\t\t\t\t\t<p><strong>Nutzungsbedingungen<\/strong><\/p><p>Die Dienstleistungen der Webseite des \u00dcbersetzungsb\u00fcros &#8222;GlobalLingua&#8220; werden von Claudia Haigel, mit Sitz in Kavala, Venizelou Stra\u00dfe 33, Postfach 65302, Griechenland mit der GCR Nr. 123734830000 und StID EL046391706, erbracht, deren Webseite <a href=\"https:\/\/www.globallingua.gr\">https:\/\/www.globallingua.gr<\/a> ihr geistiges Eigentum ist.<\/p><p>Mit dem Zugriff auf die Webseite erkl\u00e4ren Sie sich mit den Nutzungsbedingungen einverstanden und akzeptieren diese vorbehaltlos, w\u00e4hrend das Lesen vor der Nutzung der Dienste erforderlich ist.\u00a0 Mit dem Zugriff auf die Webseite erkl\u00e4ren Sie, dass Sie mindestens 16 Jahre alt sind, andernfalls ben\u00f6tigen Sie die Zustimmung Ihres gesetzlichen Vertreters, um die Dienste unserer Webseite zu nutzen. Mit dem Zugriff auf die Webseite erkl\u00e4ren Sie sich mit den Nutzungsbedingungen unserer Webseite einverstanden.<\/p><p><strong>\u00a0<\/strong><\/p><p><strong>Pers\u00f6nliche Daten<\/strong><\/p><p>Ihre personenbezogenen Daten werden im Einklang mit der Verordnung (EU) 2016\/679 und den einschl\u00e4gigen Bestimmungen der griechischen Gesetzgebung zum Schutz personenbezogener Daten verwaltet und gesch\u00fctzt. Aus diesem Grund ergreifen wir alle erforderlichen Ma\u00dfnahmen zum Schutz der personenbezogenen Daten im Rahmen unserer beruflichen T\u00e4tigkeit.<\/p><p><strong>\u00a0<\/strong><strong>\u00a0<\/strong><\/p><p><strong>Was sind personenbezogene Daten?<\/strong><\/p><p>&#8222;Personenbezogene Daten&#8220; sind alle Informationen, die wir im Zusammenhang mit der Erbringung der jedem Kunden angebotenen Dienstleistungen erfassen: vollst\u00e4ndiger Name, E-Mail-Adresse, Festnetz-\/Handytelefon, Postanschrift (Stra\u00dfe, Hausnummer, Postleitzahl, Ort, Land), StID, Finanzamt, Beruf, IP-Adresse usw.).<\/p><p><strong>\u00a0<\/strong><\/p><p><strong>Was ist die Verarbeitung von personenbezogenen Daten?<\/strong><\/p><p>Die Verarbeitung personenbezogener Daten umfasst das Erheben, das Erfassen, die Organisation, die Speicherung, die Ver\u00e4nderung, die Strukturierung, das Lesen, die Verwendung, die Verbreitung, die Verkn\u00fcpfung, die Kombination, die Einschr\u00e4nkung, das L\u00f6schen und die Vernichtung personenbezogener Daten sowie die Suche nach Informationen \u00fcber diese Daten und ihre \u00dcbermittlung an Dritte.<\/p><p>\u00a0<\/p><p><strong>Wann erheben wir Ihre personenbezogenen Daten?<\/strong><\/p><p>Der Besuch \/ das Erkunden unserer Webseite erfolgt, ohne dass Sie uns irgendwelche pers\u00f6nlichen Daten mitteilen m\u00fcssen. Vielmehr werden Ihre Daten, wenn Sie pers\u00f6nlich, per E-Mail oder elektronisch \u00fcber unsere Webseite mit uns Kontakt aufnehmen, aus den Informationen gewonnen, die Sie uns selbst zur Verf\u00fcgung stellen.<\/p><p><strong>\u00a0<\/strong><\/p><p><strong>\u00a0<\/strong><strong>Wer hat Zugang zu Ihren pers\u00f6nlichen Daten?<\/strong><\/p><p>Au\u00dfer dem Unternehmen selbst und seinen externen Partnern f\u00fcr die Zwecke der \u00dcbersetzungen und abgesehen von Ihren Daten, die \u00fcber Ihre gesetzlichen Steuerunterlagen an das externe Buchhaltungsb\u00fcro \u00fcbermittelt werden, und denjenigen, die direkt an die zust\u00e4ndigen Steuer- und Finanzbeh\u00f6rden \u00fcbermittelt werden, hat niemand ohne Ihre ausdr\u00fcckliche schriftliche Zustimmung Zugang zu Ihren pers\u00f6nlichen Daten.<\/p><p><strong>\u00a0<\/strong><\/p><p><strong>\u00a0<\/strong><strong>Wie lange werden Ihre personenbezogenen Daten aufbewahrt?<\/strong><\/p><p>Ihre personenbezogenen Daten werden f\u00fcr einen Zeitraum von zwanzig (20) Jahren nach Beendigung der erbrachten Dienstleistung aufbewahrt (es sei denn, das geltende Recht schreibt eine l\u00e4ngere Aufbewahrungsfrist vor), w\u00e4hrend die Steuerdaten so lange aufbewahrt werden, wie es von der Steuergesetzgebung vorgeschrieben wird.<\/p><p>\u00a0<\/p><p><strong>Welche Rechte haben Sie zum Schutz Ihrer personenbezogenen Daten?<\/strong><\/p><p>Sie haben das Recht auf Auskunft, Information, Berichtigung und\/oder Erg\u00e4nzung, L\u00f6schung und Einschr\u00e4nkung der Verarbeitung Ihrer personenbezogenen Daten.<\/p><p>Sie k\u00f6nnen dieses Recht aus\u00fcben, indem Sie eine E-Mail an unsere E-Mail-Adresse senden: <a href=\"mailto:info@globallingua.gr\">info@globallingua.gr<\/a>.<\/p><p>Au\u00dferdem k\u00f6nnen Sie sich bei Problemen im Zusammenhang mit der Verarbeitung Ihrer personenbezogenen Daten an die Datenschutzbeh\u00f6rde wenden (<a href=\"http:\/\/www.dpa.gr\" target=\"_blank\" rel=\"noopener\">www.dpa.gr<\/a>).<\/p><p><strong>\u00a0<\/strong><\/p><p><strong>Wie sch\u00fctzen wir Ihre pers\u00f6nlichen Daten?<\/strong><\/p><p>Wir bem\u00fchen uns, alle Vorsichtsma\u00dfnahmen zu ergreifen, um Ihre pers\u00f6nlichen Daten zu sch\u00fctzen und zu verhindern, dass sie verf\u00e4lscht, besch\u00e4digt oder zerst\u00f6rt werden oder unbefugten Dritten zug\u00e4nglich sind. Wir k\u00f6nnen jedoch die mit dem Internet verbundenen Risiken nicht kontrollieren und weisen Sie daher auf die potenziellen Risiken hin, die mit seiner Nutzung und seiner Funktion verbunden sind. Die \u00dcbermittlung Ihrer pers\u00f6nlichen Daten erfolgt daher ausschlie\u00dflich auf Ihr eigenes Risiko.<\/p><p><strong>\u00a0<\/strong><\/p><p><strong>\u00a0<\/strong><\/p><p>\u00a0<\/p><p><strong>Cookies<\/strong><br \/>Um das reibungslose Funktionieren der Webseite zu gew\u00e4hrleisten, legen wir manchmal kleine Dateien auf Ihrem Computer ab, so genannte &#8222;Cookies&#8220;. Die meisten gro\u00dfen Webseiten wirken gleicherma\u00dfen.<\/p><p><strong>\u00a0<\/strong><\/p><p><strong>Was sind Cookies?<\/strong><\/p><p>Cookies sind kleine Textdateien, die eine Webseite auf Ihrem Computer oder Mobilger\u00e4t speichert, wenn Sie diese Webseite besuchen. Auf diese Weise merkt sich die Webseite Ihre Handlungen und Pr\u00e4ferenzen (z. B. Ihr Passwort, Ihre Sprache, die Schriftgr\u00f6\u00dfe und andere Anzeigeeinstellungen) f\u00fcr einen bestimmten Zeitraum, so dass Sie diese Einstellungen nicht jedes Mal neu eingeben m\u00fcssen, wenn Sie die Webseite besuchen oder die Seiten durchbl\u00e4ttern.<\/p><p><strong>\u00a0<\/strong><\/p><p><strong>Zweck der Verwendung von Cookies:<\/strong><\/p><ul><li>Bessere Erfahrungen beim Besuch der Webseite und Verbesserungen<\/li><li>Personalisierung Ihres Erlebnisses<\/li><li>Verfolgung der Besucher nach Land und Stadt<\/li><li>Verweildauer auf unserer Webseite, Land-Stadt<\/li><li>Betriebssystem\/Ger\u00e4tetyp<\/li><\/ul><p><strong>\u00a0<\/strong><\/p><p><strong>Welche Cookies verwenden wir:<\/strong><\/p><p>Google Analytics (GA)<\/p><p>Die Aktivierung dieser Cookies ist f\u00fcr den Betrieb der Webseite nicht erforderlich, aber sie erm\u00f6glichen Ihnen ein besseres Surferlebnis.<br \/>Sie k\u00f6nnen diese Cookies l\u00f6schen oder den Zugang zu ihnen blockieren, aber wenn Sie dies tun, k\u00f6nnen einige Funktionen der Webseite nicht zufriedenstellend funktionieren.<\/p><p>Die mit den Cookies verbundenen Informationen werden nicht dazu verwendet, Sie pers\u00f6nlich zu identifizieren, und wir haben die vollst\u00e4ndige Kontrolle \u00fcber diese Daten.<br \/>Cookies werden nicht f\u00fcr andere als die in diesem Dokument beschriebenen Zwecke verwendet.<\/p><p><strong>\u00a0<\/strong><\/p><p><strong>Wie man Cookies kontrolliert<\/strong><\/p><p>Sie k\u00f6nnen Cookies nach Ihren W\u00fcnschen kontrollieren und\/oder l\u00f6schen.<br \/>Einzelheiten finden Sie hier: aboutcookies.org.<\/p><p>Sie k\u00f6nnen alle Cookies l\u00f6schen, die sich bereits auf Ihrem Computer befinden, und Sie k\u00f6nnen die meisten Browser so einstellen, dass die Installation von Cookies verhindert wird.<\/p>\t\t\t\t\t\t\t\t<\/div>\n\t\t\t\t<\/div>\n\t\t\t\t\t<\/div>\n\t\t<\/div>\n\t\t\t\t\t<\/div>\n\t\t<\/section>\n\t\t\t\t<\/div>\n\t\t","protected":false},"excerpt":{"rendered":"<p>Nutzungsbedingungen Die Dienstleistungen der Webseite des \u00dcbersetzungsb\u00fcros &#8222;GlobalLingua&#8220; werden von Claudia Haigel, mit Sitz in Kavala, Venizelou Stra\u00dfe 33, Postfach 65302, Griechenland mit der GCR Nr. 123734830000 und StID EL046391706, erbracht, deren Webseite https:\/\/www.globallingua.gr ihr geistiges Eigentum ist. Mit dem Zugriff auf die Webseite erkl\u00e4ren&#8230;<\/p>\n","protected":false},"author":1,"featured_media":0,"parent":0,"menu_order":0,"comment_status":"closed","ping_status":"closed","template":"","meta":{"footnotes":""},"class_list":["post-1824","page","type-page","status-publish","hentry"],"_links":{"self":[{"href":"https:\/\/globallingua.gr\/de\/wp-json\/wp\/v2\/pages\/1824","targetHints":{"allow":["GET"]}}],"collection":[{"href":"https:\/\/globallingua.gr\/de\/wp-json\/wp\/v2\/pages"}],"about":[{"href":"https:\/\/globallingua.gr\/de\/wp-json\/wp\/v2\/types\/page"}],"author":[{"embeddable":true,"href":"https:\/\/globallingua.gr\/de\/wp-json\/wp\/v2\/users\/1"}],"replies":[{"embeddable":true,"href":"https:\/\/globallingua.gr\/de\/wp-json\/wp\/v2\/comments?post=1824"}],"version-history":[{"count":7,"href":"https:\/\/globallingua.gr\/de\/wp-json\/wp\/v2\/pages\/1824\/revisions"}],"predecessor-version":[{"id":1851,"href":"https:\/\/globallingua.gr\/de\/wp-json\/wp\/v2\/pages\/1824\/revisions\/1851"}],"wp:attachment":[{"href":"https:\/\/globallingua.gr\/de\/wp-json\/wp\/v2\/media?parent=1824"}],"curies":[{"name":"wp","href":"https:\/\/api.w.org\/{rel}","templated":true}]}}