{"id":1831,"date":"2019-09-10T09:04:10","date_gmt":"2019-09-10T06:04:10","guid":{"rendered":"https:\/\/globallingua.gr\/faq\/"},"modified":"2023-02-13T10:43:15","modified_gmt":"2023-02-13T07:43:15","slug":"faq","status":"publish","type":"page","link":"https:\/\/globallingua.gr\/de\/faq\/","title":{"rendered":"FAQ"},"content":{"rendered":"\t\t<div data-elementor-type=\"wp-post\" data-elementor-id=\"1831\" class=\"elementor elementor-1831\">\n\t\t\t\t\t\t<section class=\"elementor-section elementor-top-section elementor-element elementor-element-d728475 elementor-section-full_width elementor-section-height-default elementor-section-height-default parallax_section_no qode_elementor_container_no\" data-id=\"d728475\" data-element_type=\"section\" data-e-type=\"section\">\n\t\t\t\t\t\t<div class=\"elementor-container elementor-column-gap-wider\">\n\t\t\t\t\t<div class=\"elementor-column elementor-col-100 elementor-top-column elementor-element elementor-element-d4a04fd\" data-id=\"d4a04fd\" data-element_type=\"column\" data-e-type=\"column\">\n\t\t\t<div class=\"elementor-widget-wrap elementor-element-populated\">\n\t\t\t\t\t\t<div class=\"elementor-element elementor-element-14ef0839 elementor-widget elementor-widget-accordion\" data-id=\"14ef0839\" data-element_type=\"widget\" data-e-type=\"widget\" data-widget_type=\"accordion.default\">\n\t\t\t\t<div class=\"elementor-widget-container\">\n\t\t\t\t\t\t\t<div class=\"elementor-accordion\">\n\t\t\t\t\t\t\t<div class=\"elementor-accordion-item\">\n\t\t\t\t\t<div id=\"elementor-tab-title-3511\" class=\"elementor-tab-title\" data-tab=\"1\" role=\"button\" aria-controls=\"elementor-tab-content-3511\" aria-expanded=\"false\">\n\t\t\t\t\t\t\t\t\t\t\t\t\t<span class=\"elementor-accordion-icon elementor-accordion-icon-right\" aria-hidden=\"true\">\n\t\t\t\t\t\t\t\t\t\t\t\t\t\t\t<span class=\"elementor-accordion-icon-closed\"><\/span>\n\t\t\t\t\t\t\t\t<span class=\"elementor-accordion-icon-opened\"><\/span>\n\t\t\t\t\t\t\t\t\t\t\t\t\t\t<\/span>\n\t\t\t\t\t\t\t\t\t\t\t\t<a class=\"elementor-accordion-title\" tabindex=\"0\">Muss das Dokument mit einer Apostille versehen sein?<\/a>\n\t\t\t\t\t<\/div>\n\t\t\t\t\t<div id=\"elementor-tab-content-3511\" class=\"elementor-tab-content elementor-clearfix\" data-tab=\"1\" role=\"region\" aria-labelledby=\"elementor-tab-title-3511\"><p>Dies h\u00e4ngt von der Amtsstelle und dem Land ab, in dem Sie das Dokument einreichen wollen. In einigen F\u00e4llen, z. B. f\u00fcr steuerliche Zwecke oder um eine Heirat oder ein Kind beim Standesamt anzumelden, muss das Dokument mit einer Apostille versehen sein. Erkundigen Sie sich daher bei dem entsprechenden Amt, bei der Sie das Dokument einreichen werden, ob eine Apostille erforderlich ist. Bitte beachten Sie, dass eine Apostille auf \u00f6ffentlichen und nicht auf privaten Dokumenten aufgef\u00fchrt werden kann. Wenn das Land, in dem Sie das Dokument einreichen, kein Mitgliedsland des Haager Apostille-\u00dcbereinkommens ist, muss das Dokument von dem Konsulat beglaubigt werden. In allen F\u00e4llen muss die Urkunde vor der \u00dcbersetzung mit der Apostille legalisiert werden.<\/p><\/div>\n\t\t\t\t<\/div>\n\t\t\t\t\t\t\t<div class=\"elementor-accordion-item\">\n\t\t\t\t\t<div id=\"elementor-tab-title-3512\" class=\"elementor-tab-title\" data-tab=\"2\" role=\"button\" aria-controls=\"elementor-tab-content-3512\" aria-expanded=\"false\">\n\t\t\t\t\t\t\t\t\t\t\t\t\t<span class=\"elementor-accordion-icon elementor-accordion-icon-right\" aria-hidden=\"true\">\n\t\t\t\t\t\t\t\t\t\t\t\t\t\t\t<span class=\"elementor-accordion-icon-closed\"><\/span>\n\t\t\t\t\t\t\t\t<span class=\"elementor-accordion-icon-opened\"><\/span>\n\t\t\t\t\t\t\t\t\t\t\t\t\t\t<\/span>\n\t\t\t\t\t\t\t\t\t\t\t\t<a class=\"elementor-accordion-title\" tabindex=\"0\">Wo beantrage ich eine Apostille?<\/a>\n\t\t\t\t\t<\/div>\n\t\t\t\t\t<div id=\"elementor-tab-content-3512\" class=\"elementor-tab-content elementor-clearfix\" data-tab=\"2\" role=\"region\" aria-labelledby=\"elementor-tab-title-3512\"><p>F\u00fcr griechische Verwaltungsdokumente der \u00f6ffentlichen Dienste, der juristischen Personen des \u00f6ffentlichen Rechts (N.P.D.D.), der lokalen Regierungsbeh\u00f6rden des ersten Grades und der Standes\u00e4mter, ist die zust\u00e4ndige Dienststelle die dezentrale Verwaltung. F\u00fcr gerichtliche und notarielle Schriftst\u00fccke ist das Landgericht zust\u00e4ndig. ACHTUNG! Eine Urkunde wird nur durch eine Apostille an dem Ort, wo diese ausgestellt wurde, legalisiert. Wenn zum Beispiel Ihre Geburtsurkunde in Thessaloniki ausgestellt wurde, Sie aber in Kavala wohnen, dann m\u00fcssen Sie sich an die dezentrale Verwaltung (Kreisbeh\u00f6rde) in Thessaloniki wenden und nicht an die in Kavala. \u00d6ffentliche Dokumente m\u00fcssen auf jeden Fall im Original oder als beglaubigte Kopie eingereicht werden. Beglaubigte Fotokopien, die Sie per Fax, oder Best\u00e4tigungen des Nationalen Standesamtsregisters, die Sie \u00fcber das Portal gov.gr, erhalten haben, werden nicht akzeptiert.<br \/>Bei fremdsprachigen Dokumenten ist zu beachten, dass eine Urkunde nur durch eine Apostille an dem Ort, wo diese ausgestellt wurde, legalisiert wird, und somit muss man sich an die \u00f6rtliche Beh\u00f6rde im Ausland oder einen Notar wenden.<\/p><\/div>\n\t\t\t\t<\/div>\n\t\t\t\t\t\t\t<div class=\"elementor-accordion-item\">\n\t\t\t\t\t<div id=\"elementor-tab-title-3513\" class=\"elementor-tab-title\" data-tab=\"3\" role=\"button\" aria-controls=\"elementor-tab-content-3513\" aria-expanded=\"false\">\n\t\t\t\t\t\t\t\t\t\t\t\t\t<span class=\"elementor-accordion-icon elementor-accordion-icon-right\" aria-hidden=\"true\">\n\t\t\t\t\t\t\t\t\t\t\t\t\t\t\t<span class=\"elementor-accordion-icon-closed\"><\/span>\n\t\t\t\t\t\t\t\t<span class=\"elementor-accordion-icon-opened\"><\/span>\n\t\t\t\t\t\t\t\t\t\t\t\t\t\t<\/span>\n\t\t\t\t\t\t\t\t\t\t\t\t<a class=\"elementor-accordion-title\" tabindex=\"0\">Ist f\u00fcr eine offizielle \u00dcbersetzung das Originaldokument erforderlich oder kann man auch eine Kopie des Dokuments mitbringen?<\/a>\n\t\t\t\t\t<\/div>\n\t\t\t\t\t<div id=\"elementor-tab-content-3513\" class=\"elementor-tab-content elementor-clearfix\" data-tab=\"3\" role=\"region\" aria-labelledby=\"elementor-tab-title-3513\"><p>Dies h\u00e4ngt von der Dienststelle ab, in dem Sie das Dokument einreichen wollen. In einigen F\u00e4llen ist ein Original oder eine genaue Kopie erforderlich, w\u00e4hrend in anderen F\u00e4llen eine einfache Fotokopie des Dokuments ausreicht. Erkundigen Sie sich also einfach bei der Dienststelle des Landes, in dem Sie das Dokument einreichen wollen.<\/p><\/div>\n\t\t\t\t<\/div>\n\t\t\t\t\t\t\t<div class=\"elementor-accordion-item\">\n\t\t\t\t\t<div id=\"elementor-tab-title-3514\" class=\"elementor-tab-title\" data-tab=\"4\" role=\"button\" aria-controls=\"elementor-tab-content-3514\" aria-expanded=\"false\">\n\t\t\t\t\t\t\t\t\t\t\t\t\t<span class=\"elementor-accordion-icon elementor-accordion-icon-right\" aria-hidden=\"true\">\n\t\t\t\t\t\t\t\t\t\t\t\t\t\t\t<span class=\"elementor-accordion-icon-closed\"><\/span>\n\t\t\t\t\t\t\t\t<span class=\"elementor-accordion-icon-opened\"><\/span>\n\t\t\t\t\t\t\t\t\t\t\t\t\t\t<\/span>\n\t\t\t\t\t\t\t\t\t\t\t\t<a class=\"elementor-accordion-title\" tabindex=\"0\">Muss man das zu \u00fcbersetzende Dokument in Ihr B\u00fcro bringen oder kann ich es elektronisch schicken?<\/a>\n\t\t\t\t\t<\/div>\n\t\t\t\t\t<div id=\"elementor-tab-content-3514\" class=\"elementor-tab-content elementor-clearfix\" data-tab=\"4\" role=\"region\" aria-labelledby=\"elementor-tab-title-3514\"><p>Sie k\u00f6nnen es uns zun\u00e4chst auf elektronischem Wege zukommen lassen, um den Vorgang zu beschleunigen oder um zu vermeiden, dass Sie uns zweimal aufsuchen m\u00fcssen.\u00a0 Wenn die Dienststelle, bei der Sie das Dokument einreichen, jedoch das Original ben\u00f6tigt, m\u00fcssen Sie es in unser B\u00fcro bringen oder per Post\/Kurier schicken, wenn Sie au\u00dferhalb von Kavala wohnen, damit wir die \u00dcbersetzung dem Original anlegen k\u00f6nnen. Wenn das Original nicht ben\u00f6tigt wird, k\u00f6nnen wir Ihnen die \u00dcbersetzung auch elektronisch (im pdf-Format) zusenden.<\/p><\/div>\n\t\t\t\t<\/div>\n\t\t\t\t\t\t\t<div class=\"elementor-accordion-item\">\n\t\t\t\t\t<div id=\"elementor-tab-title-3515\" class=\"elementor-tab-title\" data-tab=\"5\" role=\"button\" aria-controls=\"elementor-tab-content-3515\" aria-expanded=\"false\">\n\t\t\t\t\t\t\t\t\t\t\t\t\t<span class=\"elementor-accordion-icon elementor-accordion-icon-right\" aria-hidden=\"true\">\n\t\t\t\t\t\t\t\t\t\t\t\t\t\t\t<span class=\"elementor-accordion-icon-closed\"><\/span>\n\t\t\t\t\t\t\t\t<span class=\"elementor-accordion-icon-opened\"><\/span>\n\t\t\t\t\t\t\t\t\t\t\t\t\t\t<\/span>\n\t\t\t\t\t\t\t\t\t\t\t\t<a class=\"elementor-accordion-title\" tabindex=\"0\">Ist die \u00dcbersetzung offiziell? Wird die \u00dcbersetzung von allen Tr\u00e4gern akzeptiert?<\/a>\n\t\t\t\t\t<\/div>\n\t\t\t\t\t<div id=\"elementor-tab-content-3515\" class=\"elementor-tab-content elementor-clearfix\" data-tab=\"5\" role=\"region\" aria-labelledby=\"elementor-tab-title-3515\"><p>Unsere \u00dcbersetzungen sind in Griechenland gem\u00e4\u00df dem Pr\u00e4sidialerlass 169 vom 17.06.2002 (griechischer Staatsanzeiger 156\/2.7.02) amtliche \u00dcbersetzungen. Wenn jedoch f\u00fcr ein ASEP-Auswahlverfahren eine \u00dcbersetzung und die Beglaubigung einer Kopie durch einen Rechtsanwalt erforderlich ist, k\u00f6nnen wir Ihnen mit zugelassenen Rechtsanw\u00e4lten behilflich sein, die in den \u00f6rtlichen Anwaltskammern eingetragen sind und das Recht haben, die \u00dcbersetzung und die Kopie zu beglaubigen. Sollten Sie dar\u00fcber hinaus eine Beglaubigung der jeweiligen Anwaltskammer ben\u00f6tigen (dass der Anwalt Mitglied der Anwaltskammer ist), k\u00f6nnen wir auch das f\u00fcr Sie erledigen. Teilen Sie uns einfach mit, wo Sie die \u00dcbersetzung einreichen wollen, und wir k\u00fcmmern uns um den Rest.<\/p><p>Wenn \u00dcbersetzungen im Ausland eingereicht werden m\u00fcssen, h\u00e4ngt es von dem Land ab, in dem sie eingereicht werden, ob diese akzeptiert werden. L\u00e4nder wie Gro\u00dfbritannien, Deutschland und Frankreich akzeptieren unsere \u00dcbersetzungen ohne weiteres. Auch hier gilt: Wenn eine zus\u00e4tzliche Beglaubigung durch einen Rechtsanwalt erforderlich ist, \u00fcberlassen Sie dies uns.<\/p><p>Andere L\u00e4nder, wie z. B. Albanien, akzeptieren nur \u00dcbersetzungen von offiziellen \u00dcbersetzern in ihrem Land und nicht von griechischen \u00dcbersetzern.\u00a0<\/p><p>Es ist daher ratsam, sich an die Dienststelle \/ den Tr\u00e4ger in dem Land zu wenden, in dem Sie das Dokument einreichen werden, um sicherzustellen, dass offizielle \u00dcbersetzungen akzeptiert werden und um doppelte Geb\u00fchren zu vermeiden.<\/p><\/div>\n\t\t\t\t<\/div>\n\t\t\t\t\t\t\t\t<\/div>\n\t\t\t\t\t\t<\/div>\n\t\t\t\t<\/div>\n\t\t\t\t<div class=\"elementor-element elementor-element-36a7aa1 elementor-widget elementor-widget-bridge_button\" data-id=\"36a7aa1\" data-element_type=\"widget\" data-e-type=\"widget\" data-widget_type=\"bridge_button.default\">\n\t\t\t\t<div class=\"elementor-widget-container\">\n\t\t\t\t\t<a  itemprop=\"url\" href=\"https:\/\/globallingua.gr\/de\/contact-us\/\" target=\"_self\" data-hover-background-color='#4F005B' data-hover-color='#FFFFFF' class=\"qbutton  enlarge\" style=\"color: #FFFFFF; background-color: #4F005B;\">HABEN SIE FRAGEN?<\/a>\t\t\t\t<\/div>\n\t\t\t\t<\/div>\n\t\t\t\t\t<\/div>\n\t\t<\/div>\n\t\t\t\t\t<\/div>\n\t\t<\/section>\n\t\t\t\t<\/div>\n\t\t","protected":false},"excerpt":{"rendered":"<p>Muss das Dokument mit einer Apostille versehen sein? Dies h\u00e4ngt von der Amtsstelle und dem Land ab, in dem Sie das Dokument einreichen wollen. In einigen F\u00e4llen, z. B. f\u00fcr steuerliche Zwecke oder um eine Heirat oder ein Kind beim Standesamt anzumelden, muss das Dokument&#8230;<\/p>\n","protected":false},"author":1,"featured_media":0,"parent":0,"menu_order":0,"comment_status":"closed","ping_status":"closed","template":"full_width.php","meta":{"footnotes":""},"class_list":["post-1831","page","type-page","status-publish","hentry"],"_links":{"self":[{"href":"https:\/\/globallingua.gr\/de\/wp-json\/wp\/v2\/pages\/1831","targetHints":{"allow":["GET"]}}],"collection":[{"href":"https:\/\/globallingua.gr\/de\/wp-json\/wp\/v2\/pages"}],"about":[{"href":"https:\/\/globallingua.gr\/de\/wp-json\/wp\/v2\/types\/page"}],"author":[{"embeddable":true,"href":"https:\/\/globallingua.gr\/de\/wp-json\/wp\/v2\/users\/1"}],"replies":[{"embeddable":true,"href":"https:\/\/globallingua.gr\/de\/wp-json\/wp\/v2\/comments?post=1831"}],"version-history":[{"count":7,"href":"https:\/\/globallingua.gr\/de\/wp-json\/wp\/v2\/pages\/1831\/revisions"}],"predecessor-version":[{"id":1855,"href":"https:\/\/globallingua.gr\/de\/wp-json\/wp\/v2\/pages\/1831\/revisions\/1855"}],"wp:attachment":[{"href":"https:\/\/globallingua.gr\/de\/wp-json\/wp\/v2\/media?parent=1831"}],"curies":[{"name":"wp","href":"https:\/\/api.w.org\/{rel}","templated":true}]}}